{"id":546,"date":"2024-03-28T13:01:49","date_gmt":"2024-03-28T13:01:49","guid":{"rendered":"https:\/\/tervakallio.com\/www\/?page_id=546"},"modified":"2024-03-31T18:24:30","modified_gmt":"2024-03-31T18:24:30","slug":"kesakahvila","status":"publish","type":"page","link":"https:\/\/tervakallio.com\/www\/kesakahvila\/","title":{"rendered":"Kes\u00e4kahvila"},"content":{"rendered":"\t\t<div data-elementor-type=\"wp-page\" data-elementor-id=\"546\" class=\"elementor elementor-546\" data-elementor-post-type=\"page\">\n\t\t\t\t<div class=\"elementor-element elementor-element-7381f6c e-flex e-con-boxed e-con e-parent\" data-id=\"7381f6c\" data-element_type=\"container\" data-e-type=\"container\">\n\t\t\t\t\t<div class=\"e-con-inner\">\n\t\t\t\t<div class=\"elementor-element elementor-element-f494806 elementor-widget elementor-widget-heading\" data-id=\"f494806\" data-element_type=\"widget\" data-e-type=\"widget\" data-widget_type=\"heading.default\">\n\t\t\t\t<div class=\"elementor-widget-container\">\n\t\t\t\t\t<h1 class=\"elementor-heading-title elementor-size-default\">Kes\u00e4kahvila ja vastaanotto<\/h1>\t\t\t\t<\/div>\n\t\t\t\t<\/div>\n\t\t\t\t\t<\/div>\n\t\t\t\t<\/div>\n\t\t<div class=\"elementor-element elementor-element-ba97554 e-flex e-con-boxed e-con e-parent\" data-id=\"ba97554\" data-element_type=\"container\" data-e-type=\"container\">\n\t\t\t\t\t<div class=\"e-con-inner\">\n\t\t<div class=\"elementor-element elementor-element-2e21bac e-con-full e-flex e-con e-child\" data-id=\"2e21bac\" data-element_type=\"container\" data-e-type=\"container\">\n\t\t\t\t<div class=\"elementor-element elementor-element-305b634 elementor-widget elementor-widget-text-editor\" data-id=\"305b634\" data-element_type=\"widget\" data-e-type=\"widget\" data-widget_type=\"text-editor.default\">\n\t\t\t\t<div class=\"elementor-widget-container\">\n\t\t\t\t\t\t\t\t\t<p>Vastaanoton yhteydess\u00e4 toimii pieni myym\u00e4l\u00e4\/kes\u00e4kahvila. Valikoimassa on peruselintarvikkeita, virvokkeita, pient\u00e4 purtavaa kuten panineita, leivonnaisia ja tietysti j\u00e4\u00e4tel\u00f6\u00e4. Aurinkoisella terassilla aikuiset voivat nauttia my\u00f6s kylm\u00e4n huurteisen.<\/p><p>Asiakaspaikkoja l\u00f6ytyy niin sis\u00e4tiloista kuin terassilta, johon muuten paistaa aurinko melkein koko p\u00e4iv\u00e4n!<\/p>\t\t\t\t\t\t\t\t<\/div>\n\t\t\t\t<\/div>\n\t\t\t\t<\/div>\n\t\t<div class=\"elementor-element elementor-element-b3ff535 e-con-full e-flex e-con e-child\" data-id=\"b3ff535\" data-element_type=\"container\" data-e-type=\"container\">\n\t\t\t\t<div class=\"elementor-element elementor-element-7adbe3f elementor-widget elementor-widget-heading\" data-id=\"7adbe3f\" data-element_type=\"widget\" data-e-type=\"widget\" data-widget_type=\"heading.default\">\n\t\t\t\t<div class=\"elementor-widget-container\">\n\t\t\t\t\t<h3 class=\"elementor-heading-title elementor-size-default\">palvelut<\/h3>\t\t\t\t<\/div>\n\t\t\t\t<\/div>\n\t\t\t\t<div class=\"elementor-element elementor-element-bcf7b6e elementor-icon-list--layout-traditional elementor-list-item-link-full_width elementor-widget elementor-widget-icon-list\" data-id=\"bcf7b6e\" data-element_type=\"widget\" data-e-type=\"widget\" data-widget_type=\"icon-list.default\">\n\t\t\t\t<div class=\"elementor-widget-container\">\n\t\t\t\t\t\t\t<ul class=\"elementor-icon-list-items\">\n\t\t\t\t\t\t\t<li class=\"elementor-icon-list-item\">\n\t\t\t\t\t\t\t\t\t\t\t<span class=\"elementor-icon-list-icon\">\n\t\t\t\t\t\t\t<svg aria-hidden=\"true\" class=\"e-font-icon-svg e-fas-check\" viewBox=\"0 0 512 512\" xmlns=\"http:\/\/www.w3.org\/2000\/svg\"><path d=\"M173.898 439.404l-166.4-166.4c-9.997-9.997-9.997-26.206 0-36.204l36.203-36.204c9.997-9.998 26.207-9.998 36.204 0L192 312.69 432.095 72.596c9.997-9.997 26.207-9.997 36.204 0l36.203 36.204c9.997 9.997 9.997 26.206 0 36.204l-294.4 294.401c-9.998 9.997-26.207 9.997-36.204-.001z\"><\/path><\/svg>\t\t\t\t\t\t<\/span>\n\t\t\t\t\t\t\t\t\t\t<span class=\"elementor-icon-list-text\">Valikoima peruselintarvikkeita<\/span>\n\t\t\t\t\t\t\t\t\t<\/li>\n\t\t\t\t\t\t\t\t<li class=\"elementor-icon-list-item\">\n\t\t\t\t\t\t\t\t\t\t\t<span class=\"elementor-icon-list-icon\">\n\t\t\t\t\t\t\t<svg aria-hidden=\"true\" class=\"e-font-icon-svg e-fas-check\" viewBox=\"0 0 512 512\" xmlns=\"http:\/\/www.w3.org\/2000\/svg\"><path d=\"M173.898 439.404l-166.4-166.4c-9.997-9.997-9.997-26.206 0-36.204l36.203-36.204c9.997-9.998 26.207-9.998 36.204 0L192 312.69 432.095 72.596c9.997-9.997 26.207-9.997 36.204 0l36.203 36.204c9.997 9.997 9.997 26.206 0 36.204l-294.4 294.401c-9.998 9.997-26.207 9.997-36.204-.001z\"><\/path><\/svg>\t\t\t\t\t\t<\/span>\n\t\t\t\t\t\t\t\t\t\t<span class=\"elementor-icon-list-text\">Pieni\u00e4 matkamuistoja<\/span>\n\t\t\t\t\t\t\t\t\t<\/li>\n\t\t\t\t\t\t\t\t<li class=\"elementor-icon-list-item\">\n\t\t\t\t\t\t\t\t\t\t\t<span class=\"elementor-icon-list-icon\">\n\t\t\t\t\t\t\t<svg aria-hidden=\"true\" class=\"e-font-icon-svg e-fas-check\" viewBox=\"0 0 512 512\" xmlns=\"http:\/\/www.w3.org\/2000\/svg\"><path d=\"M173.898 439.404l-166.4-166.4c-9.997-9.997-9.997-26.206 0-36.204l36.203-36.204c9.997-9.998 26.207-9.998 36.204 0L192 312.69 432.095 72.596c9.997-9.997 26.207-9.997 36.204 0l36.203 36.204c9.997 9.997 9.997 26.206 0 36.204l-294.4 294.401c-9.998 9.997-26.207 9.997-36.204-.001z\"><\/path><\/svg>\t\t\t\t\t\t<\/span>\n\t\t\t\t\t\t\t\t\t\t<span class=\"elementor-icon-list-text\">Kahvia sek\u00e4 suolaista ja makeaa<\/span>\n\t\t\t\t\t\t\t\t\t<\/li>\n\t\t\t\t\t\t\t\t<li class=\"elementor-icon-list-item\">\n\t\t\t\t\t\t\t\t\t\t\t<span class=\"elementor-icon-list-icon\">\n\t\t\t\t\t\t\t<svg aria-hidden=\"true\" class=\"e-font-icon-svg e-fas-check\" viewBox=\"0 0 512 512\" xmlns=\"http:\/\/www.w3.org\/2000\/svg\"><path d=\"M173.898 439.404l-166.4-166.4c-9.997-9.997-9.997-26.206 0-36.204l36.203-36.204c9.997-9.998 26.207-9.998 36.204 0L192 312.69 432.095 72.596c9.997-9.997 26.207-9.997 36.204 0l36.203 36.204c9.997 9.997 9.997 26.206 0 36.204l-294.4 294.401c-9.998 9.997-26.207 9.997-36.204-.001z\"><\/path><\/svg>\t\t\t\t\t\t<\/span>\n\t\t\t\t\t\t\t\t\t\t<span class=\"elementor-icon-list-text\">Kylmi\u00e4 juomia aikuisten ja lasten makuun<\/span>\n\t\t\t\t\t\t\t\t\t<\/li>\n\t\t\t\t\t\t<\/ul>\n\t\t\t\t\t\t<\/div>\n\t\t\t\t<\/div>\n\t\t\t\t<\/div>\n\t\t\t\t\t<\/div>\n\t\t\t\t<\/div>\n\t\t<div class=\"elementor-element elementor-element-66150e7 e-con-full e-flex e-con e-parent\" data-id=\"66150e7\" data-element_type=\"container\" data-e-type=\"container\">\n\t\t<div class=\"elementor-element elementor-element-13bd413 e-con-full e-flex e-con e-child\" data-id=\"13bd413\" data-element_type=\"container\" data-e-type=\"container\" data-settings=\"{&quot;background_background&quot;:&quot;classic&quot;}\">\n\t\t\t\t<\/div>\n\t\t<div class=\"elementor-element elementor-element-919795c e-con-full e-flex e-con e-child\" data-id=\"919795c\" data-element_type=\"container\" data-e-type=\"container\">\n\t\t\t\t<div class=\"elementor-element elementor-element-f7a5dce elementor-widget elementor-widget-heading\" data-id=\"f7a5dce\" data-element_type=\"widget\" data-e-type=\"widget\" data-widget_type=\"heading.default\">\n\t\t\t\t<div class=\"elementor-widget-container\">\n\t\t\t\t\t<h2 class=\"elementor-heading-title elementor-size-default\">Aamiainen<\/h2>\t\t\t\t<\/div>\n\t\t\t\t<\/div>\n\t\t\t\t<div class=\"elementor-element elementor-element-e484690 elementor-widget elementor-widget-text-editor\" data-id=\"e484690\" data-element_type=\"widget\" data-e-type=\"widget\" data-widget_type=\"text-editor.default\">\n\t\t\t\t<div class=\"elementor-widget-container\">\n\t\t\t\t\t\t\t\t\t<p>Kes\u00e4-elokuussa on mahdollista tilata ennakkoon kevyt aamiainen. Aamiaisen voi sy\u00f6d\u00e4 kes\u00e4kahvilassa tai noutaa omaan majoituspaikkaan. Aamiaisen saat k\u00e4tev\u00e4sti tilattua my\u00f6s varausj\u00e4rjestelm\u00e4n kautta majoitusta varatessasi.<\/p>\t\t\t\t\t\t\t\t<\/div>\n\t\t\t\t<\/div>\n\t\t\t\t<\/div>\n\t\t<div class=\"elementor-element elementor-element-47613aa e-con-full e-flex e-con e-child\" data-id=\"47613aa\" data-element_type=\"container\" data-e-type=\"container\" data-settings=\"{&quot;background_background&quot;:&quot;classic&quot;}\">\n\t\t\t\t<\/div>\n\t\t\t\t<\/div>\n\t\t\t\t<\/div>\n\t\t","protected":false},"excerpt":{"rendered":"<p>Kes\u00e4kahvila ja vastaanotto Vastaanoton yhteydess\u00e4 toimii pieni myym\u00e4l\u00e4\/kes\u00e4kahvila. Valikoimassa on peruselintarvikkeita, virvokkeita, pient\u00e4 purtavaa kuten panineita, leivonnaisia ja tietysti j\u00e4\u00e4tel\u00f6\u00e4. [&hellip;]<\/p>\n","protected":false},"author":1,"featured_media":0,"parent":0,"menu_order":0,"comment_status":"closed","ping_status":"closed","template":"","meta":{"_acf_changed":false,"site-sidebar-layout":"no-sidebar","site-content-layout":"","ast-site-content-layout":"full-width-container","site-content-style":"default","site-sidebar-style":"default","ast-global-header-display":"","ast-banner-title-visibility":"","ast-main-header-display":"","ast-hfb-above-header-display":"","ast-hfb-below-header-display":"","ast-hfb-mobile-header-display":"","site-post-title":"disabled","ast-breadcrumbs-content":"","ast-featured-img":"disabled","footer-sml-layout":"","ast-disable-related-posts":"","theme-transparent-header-meta":"","adv-header-id-meta":"","stick-header-meta":"","header-above-stick-meta":"","header-main-stick-meta":"","header-below-stick-meta":"","astra-migrate-meta-layouts":"default","ast-page-background-enabled":"default","ast-page-background-meta":{"desktop":{"background-color":"var(--ast-global-color-4)","background-image":"","background-repeat":"repeat","background-position":"center center","background-size":"auto","background-attachment":"scroll","background-type":"","background-media":"","overlay-type":"","overlay-color":"","overlay-opacity":"","overlay-gradient":""},"tablet":{"background-color":"","background-image":"","background-repeat":"repeat","background-position":"center center","background-size":"auto","background-attachment":"scroll","background-type":"","background-media":"","overlay-type":"","overlay-color":"","overlay-opacity":"","overlay-gradient":""},"mobile":{"background-color":"","background-image":"","background-repeat":"repeat","background-position":"center center","background-size":"auto","background-attachment":"scroll","background-type":"","background-media":"","overlay-type":"","overlay-color":"","overlay-opacity":"","overlay-gradient":""}},"ast-content-background-meta":{"desktop":{"background-color":"var(--ast-global-color-5)","background-image":"","background-repeat":"repeat","background-position":"center center","background-size":"auto","background-attachment":"scroll","background-type":"","background-media":"","overlay-type":"","overlay-color":"","overlay-opacity":"","overlay-gradient":""},"tablet":{"background-color":"var(--ast-global-color-5)","background-image":"","background-repeat":"repeat","background-position":"center center","background-size":"auto","background-attachment":"scroll","background-type":"","background-media":"","overlay-type":"","overlay-color":"","overlay-opacity":"","overlay-gradient":""},"mobile":{"background-color":"var(--ast-global-color-5)","background-image":"","background-repeat":"repeat","background-position":"center center","background-size":"auto","background-attachment":"scroll","background-type":"","background-media":"","overlay-type":"","overlay-color":"","overlay-opacity":"","overlay-gradient":""}},"footnotes":""},"class_list":["post-546","page","type-page","status-publish","hentry"],"acf":[],"yoast_head":"<!-- This site is optimized with the Yoast SEO plugin v27.0 - https:\/\/yoast.com\/product\/yoast-seo-wordpress\/ -->\n<title>Kes\u00e4kahvila &#8211; Tervakallio Camping<\/title>\n<meta name=\"description\" content=\"%\" \/>\n<meta name=\"robots\" content=\"index, follow, max-snippet:-1, max-image-preview:large, max-video-preview:-1\" \/>\n<link rel=\"canonical\" href=\"https:\/\/tervakallio.com\/www\/kesakahvila\/\" \/>\n<meta property=\"og:locale\" content=\"fi_FI\" \/>\n<meta property=\"og:type\" content=\"article\" \/>\n<meta property=\"og:title\" content=\"Kes\u00e4kahvila &#8211; Tervakallio Camping\" \/>\n<meta property=\"og:description\" content=\"%\" \/>\n<meta property=\"og:url\" content=\"https:\/\/tervakallio.com\/www\/kesakahvila\/\" \/>\n<meta property=\"og:site_name\" content=\"Tervakallio Camping\" \/>\n<meta property=\"article:publisher\" content=\"https:\/\/www.facebook.com\/tervakallio\/\" \/>\n<meta property=\"article:modified_time\" content=\"2024-03-31T18:24:30+00:00\" \/>\n<meta property=\"og:image\" content=\"https:\/\/tervakallio.com\/www\/wp-content\/uploads\/2024\/04\/Leirintaalue-luonnon-ja-aktiviteettien-keskella.png\" \/>\n\t<meta property=\"og:image:width\" content=\"1920\" \/>\n\t<meta property=\"og:image:height\" content=\"1080\" \/>\n\t<meta property=\"og:image:type\" content=\"image\/png\" \/>\n<meta name=\"twitter:card\" content=\"summary_large_image\" \/>\n<meta name=\"twitter:label1\" content=\"Arvioitu lukuaika\" \/>\n\t<meta name=\"twitter:data1\" content=\"1 minuutti\" \/>\n<script type=\"application\/ld+json\" class=\"yoast-schema-graph\">{\"@context\":\"https:\/\/schema.org\",\"@graph\":[{\"@type\":\"WebPage\",\"@id\":\"https:\/\/tervakallio.com\/www\/kesakahvila\/\",\"url\":\"https:\/\/tervakallio.com\/www\/kesakahvila\/\",\"name\":\"Kes\u00e4kahvila &#8211; Tervakallio Camping\",\"isPartOf\":{\"@id\":\"https:\/\/tervakallio.com\/www\/#website\"},\"datePublished\":\"2024-03-28T13:01:49+00:00\",\"dateModified\":\"2024-03-31T18:24:30+00:00\",\"description\":\"%\",\"breadcrumb\":{\"@id\":\"https:\/\/tervakallio.com\/www\/kesakahvila\/#breadcrumb\"},\"inLanguage\":\"fi\",\"potentialAction\":[{\"@type\":\"ReadAction\",\"target\":[\"https:\/\/tervakallio.com\/www\/kesakahvila\/\"]}]},{\"@type\":\"BreadcrumbList\",\"@id\":\"https:\/\/tervakallio.com\/www\/kesakahvila\/#breadcrumb\",\"itemListElement\":[{\"@type\":\"ListItem\",\"position\":1,\"name\":\"Etusivu\",\"item\":\"https:\/\/tervakallio.com\/www\/\"},{\"@type\":\"ListItem\",\"position\":2,\"name\":\"Kes\u00e4kahvila\"}]},{\"@type\":\"WebSite\",\"@id\":\"https:\/\/tervakallio.com\/www\/#website\",\"url\":\"https:\/\/tervakallio.com\/www\/\",\"name\":\"Tervakallio Camping\",\"description\":\"Leirint\u00e4alue ja kes\u00e4n tapahtumapaikka Sastamalassa luonnon \u00e4\u00e4rell\u00e4\",\"publisher\":{\"@id\":\"https:\/\/tervakallio.com\/www\/#organization\"},\"potentialAction\":[{\"@type\":\"SearchAction\",\"target\":{\"@type\":\"EntryPoint\",\"urlTemplate\":\"https:\/\/tervakallio.com\/www\/?s={search_term_string}\"},\"query-input\":{\"@type\":\"PropertyValueSpecification\",\"valueRequired\":true,\"valueName\":\"search_term_string\"}}],\"inLanguage\":\"fi\"},{\"@type\":\"Organization\",\"@id\":\"https:\/\/tervakallio.com\/www\/#organization\",\"name\":\"Tervakallio Camping\",\"url\":\"https:\/\/tervakallio.com\/www\/\",\"logo\":{\"@type\":\"ImageObject\",\"inLanguage\":\"fi\",\"@id\":\"https:\/\/tervakallio.com\/www\/#\/schema\/logo\/image\/\",\"url\":\"https:\/\/tervakallio.com\/www\/wp-content\/uploads\/2024\/03\/tervakallio-capmping-sastamala-leirinta-majoitus-logo@2x.png\",\"contentUrl\":\"https:\/\/tervakallio.com\/www\/wp-content\/uploads\/2024\/03\/tervakallio-capmping-sastamala-leirinta-majoitus-logo@2x.png\",\"width\":428,\"height\":82,\"caption\":\"Tervakallio Camping\"},\"image\":{\"@id\":\"https:\/\/tervakallio.com\/www\/#\/schema\/logo\/image\/\"},\"sameAs\":[\"https:\/\/www.facebook.com\/tervakallio\/\",\"https:\/\/www.instagram.com\/tervakallio_sastamala\/\"]}]}<\/script>\n<!-- \/ Yoast SEO plugin. -->","yoast_head_json":{"title":"Kes\u00e4kahvila &#8211; Tervakallio Camping","description":"%","robots":{"index":"index","follow":"follow","max-snippet":"max-snippet:-1","max-image-preview":"max-image-preview:large","max-video-preview":"max-video-preview:-1"},"canonical":"https:\/\/tervakallio.com\/www\/kesakahvila\/","og_locale":"fi_FI","og_type":"article","og_title":"Kes\u00e4kahvila &#8211; Tervakallio Camping","og_description":"%","og_url":"https:\/\/tervakallio.com\/www\/kesakahvila\/","og_site_name":"Tervakallio Camping","article_publisher":"https:\/\/www.facebook.com\/tervakallio\/","article_modified_time":"2024-03-31T18:24:30+00:00","og_image":[{"width":1920,"height":1080,"url":"https:\/\/tervakallio.com\/www\/wp-content\/uploads\/2024\/04\/Leirintaalue-luonnon-ja-aktiviteettien-keskella.png","type":"image\/png"}],"twitter_card":"summary_large_image","twitter_misc":{"Arvioitu lukuaika":"1 minuutti"},"schema":{"@context":"https:\/\/schema.org","@graph":[{"@type":"WebPage","@id":"https:\/\/tervakallio.com\/www\/kesakahvila\/","url":"https:\/\/tervakallio.com\/www\/kesakahvila\/","name":"Kes\u00e4kahvila &#8211; Tervakallio Camping","isPartOf":{"@id":"https:\/\/tervakallio.com\/www\/#website"},"datePublished":"2024-03-28T13:01:49+00:00","dateModified":"2024-03-31T18:24:30+00:00","description":"%","breadcrumb":{"@id":"https:\/\/tervakallio.com\/www\/kesakahvila\/#breadcrumb"},"inLanguage":"fi","potentialAction":[{"@type":"ReadAction","target":["https:\/\/tervakallio.com\/www\/kesakahvila\/"]}]},{"@type":"BreadcrumbList","@id":"https:\/\/tervakallio.com\/www\/kesakahvila\/#breadcrumb","itemListElement":[{"@type":"ListItem","position":1,"name":"Etusivu","item":"https:\/\/tervakallio.com\/www\/"},{"@type":"ListItem","position":2,"name":"Kes\u00e4kahvila"}]},{"@type":"WebSite","@id":"https:\/\/tervakallio.com\/www\/#website","url":"https:\/\/tervakallio.com\/www\/","name":"Tervakallio Camping","description":"Leirint\u00e4alue ja kes\u00e4n tapahtumapaikka Sastamalassa luonnon \u00e4\u00e4rell\u00e4","publisher":{"@id":"https:\/\/tervakallio.com\/www\/#organization"},"potentialAction":[{"@type":"SearchAction","target":{"@type":"EntryPoint","urlTemplate":"https:\/\/tervakallio.com\/www\/?s={search_term_string}"},"query-input":{"@type":"PropertyValueSpecification","valueRequired":true,"valueName":"search_term_string"}}],"inLanguage":"fi"},{"@type":"Organization","@id":"https:\/\/tervakallio.com\/www\/#organization","name":"Tervakallio Camping","url":"https:\/\/tervakallio.com\/www\/","logo":{"@type":"ImageObject","inLanguage":"fi","@id":"https:\/\/tervakallio.com\/www\/#\/schema\/logo\/image\/","url":"https:\/\/tervakallio.com\/www\/wp-content\/uploads\/2024\/03\/tervakallio-capmping-sastamala-leirinta-majoitus-logo@2x.png","contentUrl":"https:\/\/tervakallio.com\/www\/wp-content\/uploads\/2024\/03\/tervakallio-capmping-sastamala-leirinta-majoitus-logo@2x.png","width":428,"height":82,"caption":"Tervakallio Camping"},"image":{"@id":"https:\/\/tervakallio.com\/www\/#\/schema\/logo\/image\/"},"sameAs":["https:\/\/www.facebook.com\/tervakallio\/","https:\/\/www.instagram.com\/tervakallio_sastamala\/"]}]}},"_links":{"self":[{"href":"https:\/\/tervakallio.com\/www\/wp-json\/wp\/v2\/pages\/546","targetHints":{"allow":["GET"]}}],"collection":[{"href":"https:\/\/tervakallio.com\/www\/wp-json\/wp\/v2\/pages"}],"about":[{"href":"https:\/\/tervakallio.com\/www\/wp-json\/wp\/v2\/types\/page"}],"author":[{"embeddable":true,"href":"https:\/\/tervakallio.com\/www\/wp-json\/wp\/v2\/users\/1"}],"replies":[{"embeddable":true,"href":"https:\/\/tervakallio.com\/www\/wp-json\/wp\/v2\/comments?post=546"}],"version-history":[{"count":7,"href":"https:\/\/tervakallio.com\/www\/wp-json\/wp\/v2\/pages\/546\/revisions"}],"predecessor-version":[{"id":1180,"href":"https:\/\/tervakallio.com\/www\/wp-json\/wp\/v2\/pages\/546\/revisions\/1180"}],"wp:attachment":[{"href":"https:\/\/tervakallio.com\/www\/wp-json\/wp\/v2\/media?parent=546"}],"curies":[{"name":"wp","href":"https:\/\/api.w.org\/{rel}","templated":true}]}}